{"id":1418,"date":"2019-12-03T15:18:37","date_gmt":"2019-12-03T15:18:37","guid":{"rendered":"http:\/\/artgalleri.info\/?page_id=1418"},"modified":"2019-12-03T18:34:06","modified_gmt":"2019-12-03T18:34:06","slug":"iana-strauning-cv","status":"publish","type":"page","link":"http:\/\/artgalleri.info\/?page_id=1418","title":{"rendered":"Iana Strauning CV"},"content":{"rendered":"\n<p>Jeg hedder&nbsp; Iana Strauning (tidl. Morgunova). <\/p>\n\n\n\n<p>     Jeg har tegnet og malet fra min barndom.<br>Jeg har modtaget undervisning p\u00e5 Gardners&nbsp; Porsel\u00e6n Gymnasiet, Moskva Humanistiske Universitet med kunsthistorie og&nbsp;design som linjefag. Jeg er ph.d. i p\u00e6dagogik. I Denmark i flere \u00e5r&nbsp; have arbejdet&nbsp; jeg som selvst\u00e6ndig designer og kunstner.<\/p>\n\n\n\n<p>    Jeg er et af de mennesker, der altid laver \u201dkruseduller\u201d, tegner, maler eller former \u2013 s\u00e5dan har det v\u00e6ret siden jeg var barn, jeg kan simpelthen ikke lade v\u00e6re.<\/p>\n\n\n\n<p>    Min kunst er mit spejl hvor mine personlige udfordringer og sejre kommer til udtryk i farver, motiver og materialer. At male giver mig gl\u00e6de, tankerne og fantasien slippes fri, jeg glemmer tid og sted, men vender tilbage til nuet fuld af indre ro og styrke. Kunst er det samme for mig som vand er til planter.<br>    Mine v\u00e6rker afspejler min omgivelser, s\u00e5 hvorvidt det bliver et abstrakt eller figurativt v\u00e6rk, ved jeg ikke n\u00e5r jeg g\u00e5r i gang og det kan g\u00e5 fra at v\u00e6re det ene til det andet mange gange undervejs. Jeg har en umiddelbar ekspressiv tilgang n\u00e5r jeg maler mine v\u00e6rker. De indeholder mange lag, men ogs\u00e5 sm\u00e5 feminine detaljer, st\u00e6rke penselstr\u00f8g og gerne grafiske elementer. Jeg anvender en blandingsform af akryl, bejdse, kul, tusch, papir samt collager af elektriske dele, natursten og materialer. Mine v\u00e6rker er for mig fuldendte, n\u00e5r der er dybde, dejlige strukturer samt sm\u00e5 overraskelser at spore. Jeg er ikke tilh\u00e6nger af nogen bestemt -isme. Jeg synes, at forskellige materialer inspirerer til forskellige udtryksformer.<br>    Jeg henter i inspirationen i alt rundt med: mennesker, musik, natur, men mest fra mine dr\u00f8mme og f\u00f8lelser.<br>Min f\u00f8rste udstilling&nbsp; var i Obninsk, Moskva, samt forskellige byer i Rusland.&nbsp; I Danmark har jeg udstillet i&nbsp;forskelligere gallerier, Kulturcentrer og medborgerhuse.<br>Nogle af mine v\u00e6rker er solgt&nbsp;til Frankrig, Tyskland, Rusland, Schweiz, Norge&nbsp;og USA.<\/p>\n\n\n\n<p>Tidligere udstillingerHvidovre Hovedbibliotek<br>Galleri Bagatel, nov.\/dec. 2010<br>K21 vinterudstilling i Hvidovre Hovedbibliotek, nov, 2014<br>LEO Pharma Kunstforeningen<br>Gentofte Kinos Galleri<br>Sj\u00e6ls\u00f8 Gruppen Kunstforeningen<br>Lector A\/S, Charlottenlund<br>Karens Minde Kulturhus<br>Galleri Bagatel, Albertslund<br>Capgemini kunstforening, Vallensb\u00e6k<br>Udstillingscenter Plyssen, Kastrup<br>VP SECURITIES A\/S K\u00f8benhavn S<br>Kunst p\u00e5 Tingstedet<br>Galleri VK, Spinderiet i Valby<br>Byggeriets Uddannelser Kunstforeningen, Kbh. NV<br>Ish\u00f8j Kultur Caf\u00e9, \u201c2 generation\u201d, med Anna Strauning<br>HK Sj\u00e6lland, Roskilde<br>Russisk Center for videnskab og kultur i Danmark<br>Canon Danmark A\/S<br>SDC Kunstforeningen, Ballerup<br>Falck Huset, Polititorvet, K\u00f8benhavn<br>AGA Kunstforeningen<br>Cobham Kongens Lyngby<br>Nilfisk Kunstforening<br>Group 4 Falck<br>Coloplast i Kokkedal<br>Cafe Mandella<br>Vesterbro Byfornyelsescenter<br>Amternes Hus<br>International Health Insurance<br>Kirsten Mainz Galleri i Hellerup<br>Sj\u00e6ls\u00f8 Gruppen Aller\u00f8d<br>BO-VEST Kunstforening<br>DAB Kunstforening<br>F\u00f8devareforbundet NNF Kunstforening<\/p>\n\n\n\n<p>Cobra-rummet ved Sophienholm<\/p>\n","protected":false},"excerpt":{"rendered":"<p>Jeg hedder&nbsp; Iana Strauning (tidl. Morgunova). Jeg har tegnet og malet fra min barndom.Jeg har modtaget undervisning p\u00e5 Gardners&nbsp; Porsel\u00e6n Gymnasiet, Moskva Humanistiske Universitet med kunsthistorie og&nbsp;design som linjefag. Jeg er ph.d. i p\u00e6dagogik. I Denmark i flere \u00e5r&nbsp; have arbejdet&nbsp; jeg som selvst\u00e6ndig designer og kunstner. Jeg er et af de mennesker, der altid &hellip; <a href=\"http:\/\/artgalleri.info\/?page_id=1418\" class=\"more-link\">Continue reading <span class=\"screen-reader-text\">Iana Strauning CV<\/span> <span class=\"meta-nav\">&rarr;<\/span><\/a><\/p>\n","protected":false},"author":1,"featured_media":0,"parent":42,"menu_order":0,"comment_status":"closed","ping_status":"closed","template":"","meta":[],"_links":{"self":[{"href":"http:\/\/artgalleri.info\/index.php?rest_route=\/wp\/v2\/pages\/1418"}],"collection":[{"href":"http:\/\/artgalleri.info\/index.php?rest_route=\/wp\/v2\/pages"}],"about":[{"href":"http:\/\/artgalleri.info\/index.php?rest_route=\/wp\/v2\/types\/page"}],"author":[{"embeddable":true,"href":"http:\/\/artgalleri.info\/index.php?rest_route=\/wp\/v2\/users\/1"}],"replies":[{"embeddable":true,"href":"http:\/\/artgalleri.info\/index.php?rest_route=%2Fwp%2Fv2%2Fcomments&post=1418"}],"version-history":[{"count":4,"href":"http:\/\/artgalleri.info\/index.php?rest_route=\/wp\/v2\/pages\/1418\/revisions"}],"predecessor-version":[{"id":1425,"href":"http:\/\/artgalleri.info\/index.php?rest_route=\/wp\/v2\/pages\/1418\/revisions\/1425"}],"up":[{"embeddable":true,"href":"http:\/\/artgalleri.info\/index.php?rest_route=\/wp\/v2\/pages\/42"}],"wp:attachment":[{"href":"http:\/\/artgalleri.info\/index.php?rest_route=%2Fwp%2Fv2%2Fmedia&parent=1418"}],"curies":[{"name":"wp","href":"https:\/\/api.w.org\/{rel}","templated":true}]}}