{"id":41,"date":"2012-04-21T12:45:02","date_gmt":"2012-04-21T12:45:02","guid":{"rendered":"http:\/\/wpmagazinenews.com\/demo1\/?page_id=41"},"modified":"2019-12-03T16:16:34","modified_gmt":"2019-12-03T16:16:34","slug":"earnings-disclaimer","status":"publish","type":"page","link":"http:\/\/artgalleri.info\/?page_id=41","title":{"rendered":"Anna Strauning"},"content":{"rendered":"<p>BAGGRUND<\/p>\n<p>Jeg er uddannet p\u00e5 Moskva P\u00e6dagogiske Akademi med tegning og maleri som liniefag, og er ph.d. i p\u00e6dagogik. I de sidste 10 \u00e5r i Rusland underviste jeg som professor i p\u00e6dagogik p\u00e5 Moskva Humanistiske Universitet, og i mange \u00e5r underviste jeg i male og tegnekursus b\u00e5de for voksne og b\u00f8rn.<\/p>\n<p>Jeg er medlem af Kunstnersammenslutningen K21 og Valby Kunstforeninger.<\/p>\n<p><a href=\"http:\/\/artgalleri.info\/wp-content\/uploads\/2012\/04\/IMG_1460-300x158.jpg\"><img loading=\"lazy\" class=\"alignnone size-full wp-image-206\" alt=\"IMG_1460-300x158\" src=\"http:\/\/artgalleri.info\/wp-content\/uploads\/2012\/04\/IMG_1460-300x158.jpg\" width=\"300\" height=\"158\" \/><\/a><\/p>\n<p>KUNSTNERISK M\u00c5L<\/p>\n<p>For mig har det v\u00e6ret lige s\u00e5 naturligt at male som at tr\u00e6kke vejret. Jeg nyder processen og lader lysten drive v\u00e6rket.<\/p>\n<p>Da jeg var ung og begynde at male, besluttede jeg, at hvert mine maleri eller anden kunstnerisk er udfoldelse helt sin egen, med sin egen oprindelse og historie. Det er blevet til mange historier.<\/p>\n<p>De fleste historier handler om mennesker, k\u00e6rlighed, livet og naturen.<\/p>\n<p>Jeg kalder nogle billeder for \u201cDet skjulte\u201d, da det er meningen, at den der kigger skal \u00e5bne sind og selv se, hvad der skjules for \u00f8jnene. Det er nemlig forskelligt, hvad det enkelte s\u00e6t \u00f8jne ser.<\/p>\n<p>Nogle har kaldt mig lyrisk og romantiske maler.<\/p>\n<p>Min malerstil kan bedst betegnes som: impressionistiske og koloristiske.<\/p>\n<p>KERAMIK<\/p>\n<p><a href=\"http:\/\/artgalleri.info\/wp-content\/uploads\/2012\/04\/annakeramik-300x224.jpg\"><img loading=\"lazy\" class=\"alignnone size-full wp-image-208\" alt=\"annakeramik-300x224\" src=\"http:\/\/artgalleri.info\/wp-content\/uploads\/2012\/04\/annakeramik-300x224.jpg\" width=\"300\" height=\"224\" \/><\/a><\/p>\n<p>Jeg laver smykker af keramik og brugskunst som f.eks. sk\u00e5le, fade, stager, vaser og skulpturer, som kan skabe gl\u00e6de i hverdagen og ikke mindst bruger jeg min fantasi til at eksperimentere med andre former is\u00e6r inspireret af naturen.<\/p>\n<p>INSPIRATION<\/p>\n<p>Jeg er inspireret af naturen. De fantastiske m\u00f8nstre, former og farver der forekommer i naturen inspirerer mit arbejde. Jeg nyder at blande forskellige typer af materialer sammen og lade tingene ske uden alt for meget kontrol<\/p>\n<p>:::::::::::::::::::::<\/p>\n<p>Prism\u00e6ssigt ligger mine malerier i intervallet 500 \u2013 6000 kr., keramik 100 \u2013 600 kr.<\/p>\n<p>Nogle af mine v\u00e6rker er solgt til Frankrig (Nice), Tyskland (Frankfurt, Hannover, Berlin, Hohr-Grenzhausen) Sverige (Malm\u00f8), Rusland(Moskva, Obninsk, Sochi osv.) , Azerbajdzjan (Baku), Hviderusland (Minsk), Israel (Tel-Aviv, Ramle), Schweiz (Z\u00fcrich), Italien (Marghera) og USA(Seattle, Denver, Boston, St. Francisco).<\/p>\n<p>Jeg er meget interesseret i at h\u00f8re fra kunstforeninger, virksomheder mfl. som er interesseret i at udstille mine v\u00e6rker.<\/p>\n<p>Er du interesseret i evt. k\u00f8b af mine v\u00e6rker, s\u00e5 giv mig et ring eller en mail.<\/p>\n<p><a href=\"http:\/\/artgalleri.info\/wp-content\/uploads\/2012\/04\/090607-Annas-keramik-Valby3-300x224.jpg\"><img loading=\"lazy\" class=\"alignnone size-full wp-image-207\" alt=\"090607-Annas-keramik-Valby3-300x224\" src=\"http:\/\/artgalleri.info\/wp-content\/uploads\/2012\/04\/090607-Annas-keramik-Valby3-300x224.jpg\" width=\"300\" height=\"224\" \/><\/a><\/p>\n","protected":false},"excerpt":{"rendered":"<p>BAGGRUND Jeg er uddannet p\u00e5 Moskva P\u00e6dagogiske Akademi med tegning og maleri som liniefag, og er ph.d. i p\u00e6dagogik. I de sidste 10 \u00e5r i Rusland underviste jeg som professor i p\u00e6dagogik p\u00e5 Moskva Humanistiske Universitet, og i mange \u00e5r underviste jeg i male og tegnekursus b\u00e5de for voksne og b\u00f8rn. Jeg er medlem af &hellip; <a href=\"http:\/\/artgalleri.info\/?page_id=41\" class=\"more-link\">Continue reading <span class=\"screen-reader-text\">Anna Strauning<\/span> <span class=\"meta-nav\">&rarr;<\/span><\/a><\/p>\n","protected":false},"author":1,"featured_media":0,"parent":0,"menu_order":0,"comment_status":"open","ping_status":"closed","template":"","meta":[],"_links":{"self":[{"href":"http:\/\/artgalleri.info\/index.php?rest_route=\/wp\/v2\/pages\/41"}],"collection":[{"href":"http:\/\/artgalleri.info\/index.php?rest_route=\/wp\/v2\/pages"}],"about":[{"href":"http:\/\/artgalleri.info\/index.php?rest_route=\/wp\/v2\/types\/page"}],"author":[{"embeddable":true,"href":"http:\/\/artgalleri.info\/index.php?rest_route=\/wp\/v2\/users\/1"}],"replies":[{"embeddable":true,"href":"http:\/\/artgalleri.info\/index.php?rest_route=%2Fwp%2Fv2%2Fcomments&post=41"}],"version-history":[{"count":2,"href":"http:\/\/artgalleri.info\/index.php?rest_route=\/wp\/v2\/pages\/41\/revisions"}],"predecessor-version":[{"id":209,"href":"http:\/\/artgalleri.info\/index.php?rest_route=\/wp\/v2\/pages\/41\/revisions\/209"}],"wp:attachment":[{"href":"http:\/\/artgalleri.info\/index.php?rest_route=%2Fwp%2Fv2%2Fmedia&parent=41"}],"curies":[{"name":"wp","href":"https:\/\/api.w.org\/{rel}","templated":true}]}}